{"id":269,"date":"2025-11-20T08:59:02","date_gmt":"2025-11-20T08:59:02","guid":{"rendered":"https:\/\/nhacuabinpubin.com\/?page_id=269"},"modified":"2026-01-08T14:54:39","modified_gmt":"2026-01-08T07:54:39","slug":"tien-ich","status":"publish","type":"page","link":"https:\/\/nhacuabinpubin.com\/vi\/tien-ich\/","title":{"rendered":"Ti\u1ec7n \u00edch"},"content":{"rendered":"\t<section class=\"section\" id=\"section_983726870\">\n\t\t<div class=\"bg section-bg fill bg-fill  bg-loaded\" >\n\n\t\t\t\n\t\t\t\n\t\t\t\n\n\t\t<\/div>\n\n\t\t\n\n\t\t<div class=\"section-content relative\">\n\t\t\t\n\t<div id=\"gap-1223777342\" class=\"gap-element clearfix\" style=\"display:block; height:auto;\">\n\t\t\n<style>\n#gap-1223777342 {\n  padding-top: 30px;\n}\n<\/style>\n\t<\/div>\n\t\n<div class=\"row align-center\"  id=\"row-708867924\">\n\n\t<div id=\"col-1927220323\" class=\"col medium-6 small-12 large-6\"  >\n\t\t\t\t<div class=\"col-inner text-center\"  >\n\t\t\t\n\t\t\t\n\t<div id=\"text-753087308\" class=\"text heading\">\n\t\t\n<h2 style=\"text-align: center;\"><span style=\"font-family: 'times new roman', times, serif; font-size: 140%; color: #b16102;\">TI\u1ec6N \u00cdCH<\/span><\/h2>\n\t\t\t<\/div>\n\t\n\t<div id=\"text-501684329\" class=\"text\">\n\t\t\n\t\t\n<style>\n#text-501684329 {\n  text-align: center;\n  color: rgb(172, 172, 172);\n}\n#text-501684329 > * {\n  color: rgb(172, 172, 172);\n}\n<\/style>\n\t<\/div>\n\t\n\t\t<\/div>\n\t\t\t\t\t<\/div>\n\n\t\n<\/div>\n\t\t<\/div>\n\n\t\t\n<style>\n#section_983726870 {\n  padding-top: 30px;\n  padding-bottom: 30px;\n}\n#section_983726870 .ux-shape-divider--top svg {\n  height: 150px;\n  --divider-top-width: 100%;\n}\n#section_983726870 .ux-shape-divider--bottom svg {\n  height: 150px;\n  --divider-width: 100%;\n}\n<\/style>\n\t<\/section>\n\t\n\t<section class=\"section\" id=\"section_1828965337\">\n\t\t<div class=\"bg section-bg fill bg-fill  bg-loaded\" >\n\n\t\t\t\n\t\t\t\n\t\t\t\n\n\t\t<\/div>\n\n\t\t\n\n\t\t<div class=\"section-content relative\">\n\t\t\t\n<div class=\"row row-collapse align-equal\"  id=\"row-1260769883\">\n\n\t<div id=\"col-172157749\" class=\"col medium-6 small-12 large-6\"  >\n\t\t\t\t<div class=\"col-inner\" style=\"background-color:#b16102;\" >\n\t\t\t\n\t\t\t\n\n  <div class=\"banner has-hover\" id=\"banner-481827890\">\n          <div class=\"banner-inner fill\">\n        <div class=\"banner-bg fill\" >\n            <div class=\"bg fill bg-fill \"><\/div>\n                                    \n                    <\/div>\n\t\t\n        <div class=\"banner-layers container\">\n            <div class=\"fill banner-link\"><\/div>            \n        <\/div>\n      <\/div>\n\n            \n<style>\n#banner-481827890 {\n  padding-top: 300px;\n}\n#banner-481827890 .bg.bg-loaded {\n  background-image: url(https:\/\/nhacuabinpubin.com\/vi\/wp-content\/uploads\/2026\/01\/504406422_122185944950271028_4218399195874432528_n.jpg);\n}\n#banner-481827890 .ux-shape-divider--top svg {\n  height: 150px;\n  --divider-top-width: 100%;\n}\n#banner-481827890 .ux-shape-divider--bottom svg {\n  height: 150px;\n  --divider-width: 100%;\n}\n@media (min-width:550px) {\n  #banner-481827890 {\n    padding-top: 500px;\n  }\n}\n@media (min-width:850px) {\n  #banner-481827890 {\n    padding-top: 700px;\n  }\n}\n<\/style>\n  <\/div>\n\n\n\t\t<\/div>\n\t\t\t\t\n<style>\n#col-172157749 > .col-inner {\n  padding: 20px 20px 20px 20px;\n}\n<\/style>\n\t<\/div>\n\n\t\n\n\t<div id=\"col-710685434\" class=\"col medium-6 small-12 large-6\"  >\n\t\t\t\t<div class=\"col-inner text-center\" style=\"background-color:rgb(255, 255, 255);\" >\n\t\t\t\n\t\t\t\n<div class=\"row row-collapse\"  id=\"row-1645185713\">\n\n\t<div id=\"col-180729492\" class=\"col dinning-col small-12 large-12\"  >\n\t\t\t\t<div class=\"col-inner\"  >\n\t\t\t\n\t<div class=\"is-border\"\n\t\tstyle=\"border-color:rgb(177, 97, 2);border-width:2px 2px 2px 2px;\">\n\t<\/div>\n\t\t\t\n<div class=\"row row-collapse align-equal\"  id=\"row-1961064825\">\n\n\t<div id=\"col-418404189\" class=\"col small-12 large-12\"  >\n\t\t\t\t<div class=\"col-inner\"  >\n\t\t\t\n\t<div class=\"is-border\"\n\t\tstyle=\"border-color:rgb(177, 97, 2);border-width:1px 1px 1px 1px;\">\n\t<\/div>\n\t\t\t\n<h2 style=\"text-align: center;\"><span style=\"font-size: 140%; font-family: 'times new roman', times, serif; color: #b16102;\">B\u1ec2 B\u01a0I<\/span><\/h2>\n<div class=\"is-divider divider clearfix\" ><\/div>\n\t<div id=\"text-2025870232\" class=\"text\">\n\t\t\n<table>\n<tbody>\n<tr>\n<td>\n<p>Th\u1eddi gian ho\u1ea1t \u0111\u1ed9ng:<\/p>\n<\/td>\n<td>\n<p>6:00 &#8211; 11:00 v\u00e0 14:00 &#8211; 18:00<\/p>\n<\/td>\n<\/tr>\n<\/tbody>\n<\/table>\n<p>V\u1edbi thi\u1ebft k\u1ebf \u0111\u1ed9c \u0111\u00e1o, b\u1ec3 b\u01a1i t\u1ea1i Nh\u00e0 C\u1ee7a Bin \u0111\u01b0\u1ee3c x\u00e2y d\u1ef1ng ho\u00e0n to\u00e0n t\u1eeb \u0111\u00e1 cu\u1ed9i t\u1ef1 nhi\u00ean, k\u1ebft h\u1ee3p v\u1edbi gi\u00e0n t\u1eafm m\u01b0a nh\u00e2n t\u1ea1o, mang l\u1ea1i c\u1ea3m gi\u00e1c th\u01b0 gi\u00e3n, g\u1ea7n g\u0169i v\u1edbi thi\u00ean nhi\u00ean cho du kh\u00e1ch.<\/p>\n<p>N\u01b0\u1edbc v\u00e0o b\u1ec3 b\u01a1i \u0111\u01b0\u1ee3c x\u1eed l\u00fd k\u1ef9 l\u01b0\u1ee1ng theo c\u00e1c ph\u01b0\u01a1ng ph\u00e1p t\u1ef1 nhi\u00ean, th\u00e2n thi\u1ec7n nh\u1ea5t v\u1edbi m\u00f4i tr\u01b0\u1eddng, \u0111\u1ea3m b\u1ea3o an to\u00e0n cho du kh\u00e1ch.<\/p>\n<p>Bao quanh b\u1ec3 b\u01a1i l\u00e0 nh\u1eefng th\u1eeda ru\u1ed9ng b\u1eadc thang xanh m\u01b0\u1edbt, nh\u1eefng b\u1ea3n l\u00e0ng ng\u01b0\u1eddi Th\u00e1i y\u00ean b\u00ecnh&#8230; t\u1ea1o n\u00ean m\u1ed9t khung c\u1ea3nh thi\u00ean nhi\u00ean tuy\u1ec7t \u0111\u1eb9p. \u0110\u1ebfn Nh\u00e0 C\u1ee7a Bin, kh\u00f4ng g\u00ec tuy\u1ec7t v\u1eddi h\u01a1n khi \u0111\u01b0\u1ee3c ng\u00e2m m\u00ecnh trong l\u00e0n n\u01b0\u1edbc m\u00e1t l\u1ea1nh, trong xanh, h\u00edt th\u1edf kh\u00f4ng kh\u00ed trong l\u00e0nh v\u00e0 th\u01b0\u1edfng th\u1ee9c khung c\u1ea3nh y\u00ean b\u00ecnh c\u1ee7a n\u00fai r\u1eebng.<\/p>\n<p>B\u1ec3 b\u01a1i ch\u1ec9 ph\u1ee5c v\u1ee5 mi\u1ec5n ph\u00ed cho kh\u00e1ch l\u01b0u tr\u00fa t\u1ea1i Nh\u00e0 C\u1ee7a Bin.<\/p>\n\t\t\n<style>\n#text-2025870232 {\n  color: rgb(172, 172, 172);\n}\n#text-2025870232 > * {\n  color: rgb(172, 172, 172);\n}\n<\/style>\n\t<\/div>\n\t\n\t\t<\/div>\n\t\t\t\t\n<style>\n#col-418404189 > .col-inner {\n  padding: 25% 5% 15% 5%;\n}\n<\/style>\n\t<\/div>\n\n\t\n<\/div>\n\t\t<\/div>\n\t\t\t\t\n<style>\n#col-180729492 > .col-inner {\n  padding: 10px 10px 10px 10px;\n}\n<\/style>\n\t<\/div>\n\n\t\n<\/div>\n\t\t<\/div>\n\t\t\t\t\n<style>\n#col-710685434 > .col-inner {\n  padding: 30px 30px 30px 30px;\n}\n<\/style>\n\t<\/div>\n\n\t\n<\/div>\n<div class=\"row row-collapse align-equal\"  id=\"row-1901269752\">\n\n\t<div id=\"col-1575755179\" class=\"col medium-6 small-12 large-6\"  >\n\t\t\t\t<div class=\"col-inner text-center\" style=\"background-color:rgb(255, 255, 255);\" >\n\t\t\t\n\t\t\t\n<div class=\"row row-collapse\"  id=\"row-1820313130\">\n\n\t<div id=\"col-1168769843\" class=\"col dinning-col small-12 large-12\"  >\n\t\t\t\t<div class=\"col-inner\"  >\n\t\t\t\n\t<div class=\"is-border\"\n\t\tstyle=\"border-color:rgb(177, 97, 2);border-width:2px 2px 2px 2px;\">\n\t<\/div>\n\t\t\t\n<div class=\"row row-collapse align-equal\"  id=\"row-195543323\">\n\n\t<div id=\"col-1703754496\" class=\"col small-12 large-12\"  >\n\t\t\t\t<div class=\"col-inner\"  >\n\t\t\t\n\t<div class=\"is-border\"\n\t\tstyle=\"border-color:rgb(177, 97, 2);border-width:1px 1px 1px 1px;\">\n\t<\/div>\n\t\t\t\n<h2 style=\"text-align: center;\"><span style=\"color: #b16102; font-family: times new roman, times, serif;\"><span style=\"font-size: 32.256px;\">\u00a0S\u00c2N PIKEBALL<\/span><\/span><\/h2>\n<div class=\"is-divider divider clearfix\" ><\/div>\n\t<div id=\"text-1983177153\" class=\"text\">\n\t\t\n<table>\n<tbody>\n<tr>\n<td>\n<p>Th\u1eddi gian ho\u1ea1t \u0111\u1ed9ng:<\/p>\n<\/td>\n<td>\n<p>6:00 &#8211; 11:00 v\u00e0 14:00 &#8211; 18:00<\/p>\n<\/td>\n<\/tr>\n<\/tbody>\n<\/table>\n<p>N\u1eb1m tr\u1ecdn gi\u1eefa l\u00f2ng thung l\u0169ng, tr\u00ean \u0111\u1ed9 cao g\u1ea7n 1.000m so v\u1edbi m\u1ef1c n\u01b0\u1edbc bi\u1ec3n, n\u01a1i kh\u00f4ng kh\u00ed m\u00e1t l\u00e0nh quanh n\u0103m, S\u00e2n Pickleball t\u1ea1i Nh\u00e0 C\u1ee7a Bin ch\u00ednh l\u00e0 m\u1ed9t \u0111i\u1ec3m \u0111\u1ebfn l\u00fd t\u01b0\u1edfng cho nh\u1eefng t\u00edn \u0111\u1ed3 y\u00eau th\u1ec3 thao.<\/p>\n<p>Kh\u00f4ng t\u01b0\u1eddng b\u00ea t\u00f4ng, kh\u00f4ng m\u00e1i t\u00f4n oi b\u1ee9c, S\u00e2n Pickleball t\u1ea1i Nh\u00e0 C\u1ee7a Bin \u0111\u01b0\u1ee3c l\u1ee3p b\u1eb1ng c\u1ecd truy\u1ec1n th\u1ed1ng, v\u1eeba gi\u1eef \u0111\u01b0\u1ee3c s\u1ef1 m\u1ed9c m\u1ea1c c\u1ee7a l\u00e0ng qu\u00ea v\u00f9ng cao, v\u1eeba h\u00f2a quy\u1ec7n ho\u00e0n h\u1ea3o v\u1edbi khung c\u1ea3nh n\u00fai r\u1eebng xung quanh. N\u00e9p m\u00ecnh b\u00ean d\u00f2ng su\u1ed1i m\u00e1t l\u00e0nh, \u0111\u00e2y c\u00f3 l\u1ebd l\u00e0 s\u00e2n pick duy nh\u1ea5t \u0111\u01b0\u1ee3c thi\u00ean nhi\u00ean \u01b0u \u00e1i \u0111\u1ebfn v\u1eady.<\/p>\n<p>H\u01a1n c\u1ea3 m\u1ed9t m\u00f4n th\u1ec3 thao, khi \u0111\u1ebfn \u0111\u00e2y, du kh\u00e1ch s\u1ebd \u0111\u01b0\u1ee3c h\u00f2a m\u00ecnh v\u00e0o thi\u00ean nhi\u00ean hoang s\u01a1, t\u1eadn h\u01b0\u1edfng kh\u00f4ng kh\u00ed trong l\u00e0nh, m\u00e1t d\u1ecbu quanh n\u0103m.<\/p>\n\t\t\n<style>\n#text-1983177153 {\n  color: rgb(172, 172, 172);\n}\n#text-1983177153 > * {\n  color: rgb(172, 172, 172);\n}\n<\/style>\n\t<\/div>\n\t\n\t\t<\/div>\n\t\t\t\t\n<style>\n#col-1703754496 > .col-inner {\n  padding: 25% 5% 15% 5%;\n}\n<\/style>\n\t<\/div>\n\n\t\n<\/div>\n\t\t<\/div>\n\t\t\t\t\n<style>\n#col-1168769843 > .col-inner {\n  padding: 10px 10px 10px 10px;\n}\n<\/style>\n\t<\/div>\n\n\t\n<\/div>\n\t\t<\/div>\n\t\t\t\t\n<style>\n#col-1575755179 > .col-inner {\n  padding: 30px 30px 30px 30px;\n}\n<\/style>\n\t<\/div>\n\n\t\n\n\t<div id=\"col-1894988554\" class=\"col medium-6 small-12 large-6 small-col-first\"  >\n\t\t\t\t<div class=\"col-inner\" style=\"background-color:#b16102;\" >\n\t\t\t\n\t\t\t\n\n  <div class=\"banner has-hover\" id=\"banner-79598345\">\n          <div class=\"banner-inner fill\">\n        <div class=\"banner-bg fill\" >\n            <div class=\"bg fill bg-fill \"><\/div>\n                                    \n                    <\/div>\n\t\t\n        <div class=\"banner-layers container\">\n            <div class=\"fill banner-link\"><\/div>            \n        <\/div>\n      <\/div>\n\n            \n<style>\n#banner-79598345 {\n  padding-top: 300px;\n}\n#banner-79598345 .bg.bg-loaded {\n  background-image: url(https:\/\/nhacuabinpubin.com\/vi\/wp-content\/uploads\/2026\/01\/z7012931174465_cad739645bad57321b77fe22c1245957.jpg);\n}\n#banner-79598345 .ux-shape-divider--top svg {\n  height: 150px;\n  --divider-top-width: 100%;\n}\n#banner-79598345 .ux-shape-divider--bottom svg {\n  height: 150px;\n  --divider-width: 100%;\n}\n@media (min-width:550px) {\n  #banner-79598345 {\n    padding-top: 700px;\n  }\n}\n<\/style>\n  <\/div>\n\n\n\t\t<\/div>\n\t\t\t\t\n<style>\n#col-1894988554 > .col-inner {\n  padding: 20px 20px 20px 20px;\n}\n<\/style>\n\t<\/div>\n\n\t\n<\/div>\n<div class=\"row row-collapse align-equal\"  id=\"row-1296999272\">\n\n\t<div id=\"col-1917716854\" class=\"col medium-6 small-12 large-6\"  >\n\t\t\t\t<div class=\"col-inner\" style=\"background-color:#b16102;\" >\n\t\t\t\n\t\t\t\n\n  <div class=\"banner has-hover\" id=\"banner-558246169\">\n          <div class=\"banner-inner fill\">\n        <div class=\"banner-bg fill\" >\n            <div class=\"bg fill bg-fill \"><\/div>\n                                    \n                    <\/div>\n\t\t\n        <div class=\"banner-layers container\">\n            <div class=\"fill banner-link\"><\/div>            \n        <\/div>\n      <\/div>\n\n            \n<style>\n#banner-558246169 {\n  padding-top: 300px;\n}\n#banner-558246169 .bg.bg-loaded {\n  background-image: url(https:\/\/nhacuabinpubin.com\/vi\/wp-content\/uploads\/2026\/01\/z6405153054868_81c6aa7576267a6e2b879f29a23145a2.jpg);\n}\n#banner-558246169 .ux-shape-divider--top svg {\n  height: 150px;\n  --divider-top-width: 100%;\n}\n#banner-558246169 .ux-shape-divider--bottom svg {\n  height: 150px;\n  --divider-width: 100%;\n}\n@media (min-width:550px) {\n  #banner-558246169 {\n    padding-top: 700px;\n  }\n}\n<\/style>\n  <\/div>\n\n\n\t\t<\/div>\n\t\t\t\t\n<style>\n#col-1917716854 > .col-inner {\n  padding: 20px 20px 20px 20px;\n}\n<\/style>\n\t<\/div>\n\n\t\n\n\t<div id=\"col-1940690269\" class=\"col medium-6 small-12 large-6\"  >\n\t\t\t\t<div class=\"col-inner text-center\" style=\"background-color:rgb(255, 255, 255);\" >\n\t\t\t\n\t\t\t\n<div class=\"row row-collapse\"  id=\"row-1680923938\">\n\n\t<div id=\"col-1917683629\" class=\"col dinning-col small-12 large-12\"  >\n\t\t\t\t<div class=\"col-inner\"  >\n\t\t\t\n\t<div class=\"is-border\"\n\t\tstyle=\"border-color:rgb(177, 97, 2);border-width:2px 2px 2px 2px;\">\n\t<\/div>\n\t\t\t\n<div class=\"row row-collapse align-equal\"  id=\"row-486344554\">\n\n\t<div id=\"col-1696339751\" class=\"col small-12 large-12\"  >\n\t\t\t\t<div class=\"col-inner\"  >\n\t\t\t\n\t<div class=\"is-border\"\n\t\tstyle=\"border-color:rgb(177, 97, 2);border-width:1px 1px 1px 1px;\">\n\t<\/div>\n\t\t\t\n<h2 style=\"text-align: center;\"><span style=\"font-size: 140%; font-family: 'times new roman', times, serif; color: #b16102;\">NH\u00c0 H\u00c0NG<\/span><\/h2>\n<div class=\"is-divider divider clearfix\" ><\/div>\n\t<div id=\"text-168143202\" class=\"text\">\n\t\t\n<p>T\u1ea1i Nh\u00e0 C\u1ee7a Bin, du kh\u00e1ch s\u1ebd \u0111\u01b0\u1ee3c tr\u1ea3i nghi\u1ec7m \u1ea9m th\u1ef1c \u0111\u1ed9c \u0111\u00e1o c\u1ee7a \u0111\u1ed3ng b\u00e0o Th\u00e1i \u1edf P\u00f9 Bin. Ch\u00fang t\u00f4i h\u00e2n h\u1ea1nh cung c\u1ea5p cho qu\u00fd kh\u00e1ch th\u1ef1c \u0111\u01a1n phong ph\u00fa, \u0111a d\u1ea1ng, \u0111\u1ea7y h\u1ea5p d\u1eabn.<\/p>\n<p>B\u00ean c\u1ea1nh \u0111\u00f3 Nh\u00e0 h\u00e0ng c\u0169ng s\u1eb5n s\u00e0ng ph\u1ee5c v\u1ee5 c\u00e1c m\u00f3n chay, c\u00e1c m\u00f3n thu\u1ea7n th\u1ef1c v\u1eadt cho kh\u00e1ch c\u00f3 nhu c\u1ea7u \u0103n ki\u00eang, \u0103n chay.<\/p>\n<p><em>&#8211; Th\u1eddi gian m\u1edf c\u1eeda: <\/em>6:30 &#8211; 22:00<\/p>\n<p>&#8211; Di\u1ec7n t\u00edch: 200m2<\/p>\n<p>&#8211; S\u1ee9c ch\u1ee9a: 100 kh\u00e1ch<\/p>\n<p>&#8211; D\u1ecbch v\u1ee5 kh\u00e1c : T\u1ed5 ch\u1ee9c s\u1ef1 ki\u1ec7n, Ti\u1ec7c n\u01b0\u1edbng BBQ trong nh\u00e0 v\u00e0 ngo\u00e0i tr\u1eddi&#8230;<\/p>\n<p>N\u01a1i \u0111\u00e2y \u0111\u01b0\u1ee3c trang b\u1ecb \u0111\u1ea7y \u0111\u1ee7 h\u1ec7 th\u1ed1ng \u00e2m thanh, \u00e1nh s\u00e1ng chuy\u00ean nghi\u1ec7p, s\u1eb5n s\u00e0ng ph\u1ee5c v\u1ee5 m\u1ecdi nhu c\u1ea7u t\u1eeb h\u1ed9i ngh\u1ecb, \u0111\u1ea1i ti\u1ec7c, \u0111\u1ebfn c\u00e1c bu\u1ed5i li\u00ean hoan, sinh nh\u1eadt c\u1ee7a du kh\u00e1ch.<\/p>\n\t\t\n<style>\n#text-168143202 {\n  color: rgb(172, 172, 172);\n}\n#text-168143202 > * {\n  color: rgb(172, 172, 172);\n}\n<\/style>\n\t<\/div>\n\t\n\t\t<\/div>\n\t\t\t\t\n<style>\n#col-1696339751 > .col-inner {\n  padding: 25% 5% 15% 5%;\n}\n<\/style>\n\t<\/div>\n\n\t\n<\/div>\n\t\t<\/div>\n\t\t\t\t\n<style>\n#col-1917683629 > .col-inner {\n  padding: 10px 10px 10px 10px;\n}\n<\/style>\n\t<\/div>\n\n\t\n<\/div>\n\t\t<\/div>\n\t\t\t\t\n<style>\n#col-1940690269 > .col-inner {\n  padding: 30px 30px 30px 30px;\n}\n<\/style>\n\t<\/div>\n\n\t\n<\/div>\n\t\t<\/div>\n\n\t\t\n<style>\n#section_1828965337 {\n  padding-top: 75px;\n  padding-bottom: 75px;\n  background-color: rgb(245, 245, 245);\n}\n#section_1828965337 .ux-shape-divider--top svg {\n  height: 150px;\n  --divider-top-width: 100%;\n}\n#section_1828965337 .ux-shape-divider--bottom svg {\n  height: 150px;\n  --divider-width: 100%;\n}\n<\/style>\n\t<\/section>\n\t\n","protected":false},"excerpt":{"rendered":"","protected":false},"author":1,"featured_media":0,"parent":0,"menu_order":0,"comment_status":"closed","ping_status":"closed","template":"page-blank.php","meta":{"footnotes":""},"class_list":["post-269","page","type-page","status-publish","hentry"],"yoast_head":"<!-- This site is optimized with the Yoast SEO plugin v26.4 - https:\/\/yoast.com\/wordpress\/plugins\/seo\/ -->\n<title>Ti\u1ec7n \u00edch - NH\u00c0 C\u1ee6A BIN<\/title>\n<meta name=\"robots\" content=\"index, follow, max-snippet:-1, max-image-preview:large, max-video-preview:-1\" \/>\n<link rel=\"canonical\" href=\"https:\/\/nhacuabinpubin.com\/vi\/tien-ich\/\" \/>\n<meta property=\"og:locale\" content=\"vi_VN\" \/>\n<meta property=\"og:type\" content=\"article\" \/>\n<meta property=\"og:title\" content=\"Ti\u1ec7n \u00edch - NH\u00c0 C\u1ee6A BIN\" \/>\n<meta property=\"og:url\" content=\"https:\/\/nhacuabinpubin.com\/vi\/tien-ich\/\" \/>\n<meta property=\"og:site_name\" content=\"NH\u00c0 C\u1ee6A BIN\" \/>\n<meta property=\"article:modified_time\" content=\"2026-01-08T07:54:39+00:00\" \/>\n<meta name=\"twitter:card\" content=\"summary_large_image\" \/>\n<script type=\"application\/ld+json\" class=\"yoast-schema-graph\">{\"@context\":\"https:\/\/schema.org\",\"@graph\":[{\"@type\":\"WebPage\",\"@id\":\"https:\/\/nhacuabinpubin.com\/vi\/tien-ich\/\",\"url\":\"https:\/\/nhacuabinpubin.com\/vi\/tien-ich\/\",\"name\":\"Ti\u1ec7n \u00edch - NH\u00c0 C\u1ee6A BIN\",\"isPartOf\":{\"@id\":\"https:\/\/nhacuabinpubin.com\/vi\/#website\"},\"datePublished\":\"2025-11-20T08:59:02+00:00\",\"dateModified\":\"2026-01-08T07:54:39+00:00\",\"breadcrumb\":{\"@id\":\"https:\/\/nhacuabinpubin.com\/vi\/tien-ich\/#breadcrumb\"},\"inLanguage\":\"vi\",\"potentialAction\":[{\"@type\":\"ReadAction\",\"target\":[\"https:\/\/nhacuabinpubin.com\/vi\/tien-ich\/\"]}]},{\"@type\":\"BreadcrumbList\",\"@id\":\"https:\/\/nhacuabinpubin.com\/vi\/tien-ich\/#breadcrumb\",\"itemListElement\":[{\"@type\":\"ListItem\",\"position\":1,\"name\":\"Trang ch\u1ee7\",\"item\":\"https:\/\/nhacuabinpubin.com\/vi\/\"},{\"@type\":\"ListItem\",\"position\":2,\"name\":\"Ti\u1ec7n \u00edch\"}]},{\"@type\":\"WebSite\",\"@id\":\"https:\/\/nhacuabinpubin.com\/vi\/#website\",\"url\":\"https:\/\/nhacuabinpubin.com\/vi\/\",\"name\":\"NH\u00c0 C\u1ee6A BIN\",\"description\":\"\",\"potentialAction\":[{\"@type\":\"SearchAction\",\"target\":{\"@type\":\"EntryPoint\",\"urlTemplate\":\"https:\/\/nhacuabinpubin.com\/vi\/?s={search_term_string}\"},\"query-input\":{\"@type\":\"PropertyValueSpecification\",\"valueRequired\":true,\"valueName\":\"search_term_string\"}}],\"inLanguage\":\"vi\"}]}<\/script>\n<!-- \/ Yoast SEO plugin. -->","yoast_head_json":{"title":"Ti\u1ec7n \u00edch - NH\u00c0 C\u1ee6A BIN","robots":{"index":"index","follow":"follow","max-snippet":"max-snippet:-1","max-image-preview":"max-image-preview:large","max-video-preview":"max-video-preview:-1"},"canonical":"https:\/\/nhacuabinpubin.com\/vi\/tien-ich\/","og_locale":"vi_VN","og_type":"article","og_title":"Ti\u1ec7n \u00edch - NH\u00c0 C\u1ee6A BIN","og_url":"https:\/\/nhacuabinpubin.com\/vi\/tien-ich\/","og_site_name":"NH\u00c0 C\u1ee6A BIN","article_modified_time":"2026-01-08T07:54:39+00:00","twitter_card":"summary_large_image","schema":{"@context":"https:\/\/schema.org","@graph":[{"@type":"WebPage","@id":"https:\/\/nhacuabinpubin.com\/vi\/tien-ich\/","url":"https:\/\/nhacuabinpubin.com\/vi\/tien-ich\/","name":"Ti\u1ec7n \u00edch - NH\u00c0 C\u1ee6A BIN","isPartOf":{"@id":"https:\/\/nhacuabinpubin.com\/vi\/#website"},"datePublished":"2025-11-20T08:59:02+00:00","dateModified":"2026-01-08T07:54:39+00:00","breadcrumb":{"@id":"https:\/\/nhacuabinpubin.com\/vi\/tien-ich\/#breadcrumb"},"inLanguage":"vi","potentialAction":[{"@type":"ReadAction","target":["https:\/\/nhacuabinpubin.com\/vi\/tien-ich\/"]}]},{"@type":"BreadcrumbList","@id":"https:\/\/nhacuabinpubin.com\/vi\/tien-ich\/#breadcrumb","itemListElement":[{"@type":"ListItem","position":1,"name":"Trang ch\u1ee7","item":"https:\/\/nhacuabinpubin.com\/vi\/"},{"@type":"ListItem","position":2,"name":"Ti\u1ec7n \u00edch"}]},{"@type":"WebSite","@id":"https:\/\/nhacuabinpubin.com\/vi\/#website","url":"https:\/\/nhacuabinpubin.com\/vi\/","name":"NH\u00c0 C\u1ee6A BIN","description":"","potentialAction":[{"@type":"SearchAction","target":{"@type":"EntryPoint","urlTemplate":"https:\/\/nhacuabinpubin.com\/vi\/?s={search_term_string}"},"query-input":{"@type":"PropertyValueSpecification","valueRequired":true,"valueName":"search_term_string"}}],"inLanguage":"vi"}]}},"_links":{"self":[{"href":"https:\/\/nhacuabinpubin.com\/vi\/wp-json\/wp\/v2\/pages\/269","targetHints":{"allow":["GET"]}}],"collection":[{"href":"https:\/\/nhacuabinpubin.com\/vi\/wp-json\/wp\/v2\/pages"}],"about":[{"href":"https:\/\/nhacuabinpubin.com\/vi\/wp-json\/wp\/v2\/types\/page"}],"author":[{"embeddable":true,"href":"https:\/\/nhacuabinpubin.com\/vi\/wp-json\/wp\/v2\/users\/1"}],"replies":[{"embeddable":true,"href":"https:\/\/nhacuabinpubin.com\/vi\/wp-json\/wp\/v2\/comments?post=269"}],"version-history":[{"count":15,"href":"https:\/\/nhacuabinpubin.com\/vi\/wp-json\/wp\/v2\/pages\/269\/revisions"}],"predecessor-version":[{"id":659,"href":"https:\/\/nhacuabinpubin.com\/vi\/wp-json\/wp\/v2\/pages\/269\/revisions\/659"}],"wp:attachment":[{"href":"https:\/\/nhacuabinpubin.com\/vi\/wp-json\/wp\/v2\/media?parent=269"}],"curies":[{"name":"wp","href":"https:\/\/api.w.org\/{rel}","templated":true}]}}