{"id":52,"date":"2022-09-30T09:12:38","date_gmt":"2022-09-30T09:12:38","guid":{"rendered":"https:\/\/nhacuabinpubin.com\/?page_id=52"},"modified":"2025-12-29T13:43:04","modified_gmt":"2025-12-29T06:43:04","slug":"lien-he","status":"publish","type":"page","link":"https:\/\/nhacuabinpubin.com\/vi\/lien-he\/","title":{"rendered":"Li\u00ean h\u1ec7"},"content":{"rendered":"<div class=\"slider-wrapper relative\" id=\"slider-850425479\" >\n    <div class=\"slider slider-nav-circle slider-nav-large slider-nav-light slider-style-normal\"\n        data-flickity-options='{\n            \"cellAlign\": \"center\",\n            \"imagesLoaded\": true,\n            \"lazyLoad\": 1,\n            \"freeScroll\": false,\n            \"wrapAround\": true,\n            \"autoPlay\": 6000,\n            \"pauseAutoPlayOnHover\" : true,\n            \"prevNextButtons\": true,\n            \"contain\" : true,\n            \"adaptiveHeight\" : true,\n            \"dragThreshold\" : 10,\n            \"percentPosition\": true,\n            \"pageDots\": true,\n            \"rightToLeft\": false,\n            \"draggable\": true,\n            \"selectedAttraction\": 0.1,\n            \"parallax\" : 0,\n            \"friction\": 0.6        }'\n        >\n        \n\n  <div class=\"banner has-hover\" id=\"banner-1811706064\">\n          <div class=\"banner-inner fill\">\n        <div class=\"banner-bg fill\" >\n            <div class=\"bg fill bg-fill \"><\/div>\n                        <div class=\"overlay\"><\/div>            \n                    <\/div>\n\t\t\n        <div class=\"banner-layers container\">\n            <div class=\"fill banner-link\"><\/div>            \n   <div id=\"text-box-1407584194\" class=\"text-box banner-layer x50 md-x50 lg-x50 y50 md-y50 lg-y50 res-text\">\n                                <div class=\"text-box-content text dark\">\n              \n              <div class=\"text-inner text-center\">\n                  \n<h2 style=\"text-align: center;\"><span style=\"font-size: 120%; font-weight: 500;\">LI\u00caN H\u1ec6<\/span><\/h2>\n              <\/div>\n           <\/div>\n                            \n<style>\n#text-box-1407584194 {\n  width: 93%;\n}\n#text-box-1407584194 .text-box-content {\n  font-size: 100%;\n}\n@media (min-width:550px) {\n  #text-box-1407584194 {\n    width: 60%;\n  }\n}\n<\/style>\n    <\/div>\n \n        <\/div>\n      <\/div>\n\n            \n<style>\n#banner-1811706064 {\n  padding-top: 350px;\n}\n#banner-1811706064 .bg.bg-loaded {\n  background-image: url(https:\/\/nhacuabinpubin.com\/vi\/wp-content\/uploads\/2025\/11\/p1.jpg);\n}\n#banner-1811706064 .overlay {\n  background-color: rgba(0, 0, 0, 0.186);\n}\n#banner-1811706064 .ux-shape-divider--top svg {\n  height: 150px;\n  --divider-top-width: 100%;\n}\n#banner-1811706064 .ux-shape-divider--bottom svg {\n  height: 150px;\n  --divider-width: 100%;\n}\n@media (min-width:550px) {\n  #banner-1811706064 {\n    padding-top: 800px;\n  }\n}\n<\/style>\n  <\/div>\n\n\n\n  <div class=\"banner has-hover\" id=\"banner-1975016591\">\n          <div class=\"banner-inner fill\">\n        <div class=\"banner-bg fill\" >\n            <div class=\"bg fill bg-fill \"><\/div>\n                        <div class=\"overlay\"><\/div>            \n                    <\/div>\n\t\t\n        <div class=\"banner-layers container\">\n            <div class=\"fill banner-link\"><\/div>            \n   <div id=\"text-box-379234934\" class=\"text-box banner-layer x50 md-x50 lg-x50 y50 md-y50 lg-y50 res-text\">\n                                <div class=\"text-box-content text dark\">\n              \n              <div class=\"text-inner text-center\">\n                  \n<h2 style=\"text-align: center;\"><span style=\"font-size: 120%; font-weight: 500;\">LI\u00caN H\u1ec6<\/span><\/h2>\n              <\/div>\n           <\/div>\n                            \n<style>\n#text-box-379234934 {\n  width: 93%;\n}\n#text-box-379234934 .text-box-content {\n  font-size: 100%;\n}\n@media (min-width:550px) {\n  #text-box-379234934 {\n    width: 60%;\n  }\n}\n<\/style>\n    <\/div>\n \n        <\/div>\n      <\/div>\n\n            \n<style>\n#banner-1975016591 {\n  padding-top: 350px;\n}\n#banner-1975016591 .bg.bg-loaded {\n  background-image: url(https:\/\/nhacuabinpubin.com\/vi\/wp-content\/uploads\/2025\/11\/p2.jpg);\n}\n#banner-1975016591 .overlay {\n  background-color: rgba(0, 0, 0, 0.186);\n}\n#banner-1975016591 .ux-shape-divider--top svg {\n  height: 150px;\n  --divider-top-width: 100%;\n}\n#banner-1975016591 .ux-shape-divider--bottom svg {\n  height: 150px;\n  --divider-width: 100%;\n}\n@media (min-width:550px) {\n  #banner-1975016591 {\n    padding-top: 800px;\n  }\n}\n<\/style>\n  <\/div>\n\n\n     <\/div>\n\n     <div class=\"loading-spin dark large centered\"><\/div>\n\n     \t<\/div>\n\n\n\t<section class=\"section\" id=\"section_253886137\">\n\t\t<div class=\"bg section-bg fill bg-fill  bg-loaded\" >\n\n\t\t\t\n\t\t\t\n\t\t\t\n\n\t\t<\/div>\n\n\t\t\n\n\t\t<div class=\"section-content relative\">\n\t\t\t\n\t<div id=\"gap-804971286\" class=\"gap-element clearfix\" style=\"display:block; height:auto;\">\n\t\t\n<style>\n#gap-804971286 {\n  padding-top: 30px;\n}\n<\/style>\n\t<\/div>\n\t\n<div class=\"row row-divided\"  id=\"row-2109258948\">\n\n\t<div id=\"col-1326229142\" class=\"col medium-5 small-12 large-5\"  >\n\t\t\t\t<div class=\"col-inner text-center\"  >\n\t\t\t\n\t\t\t\n\t<div id=\"text-1298171424\" class=\"text heading\">\n\t\t\n<h2 style=\"text-align: center;\"><span style=\"font-family: 'times new roman', times, serif; font-size: 140%; color: #b16102;\">TH\u00d4NG TIN LI\u00caN H\u1ec6<\/span><\/h2>\n\t\t\t<\/div>\n\t\n\t<div id=\"text-1059157227\" class=\"text\">\n\t\t\n<p><strong>\u0110\u1ecba ch\u1ec9:<\/strong> X\u00f3m Bin, x\u00e3 Mai Ch\u00e2u, t\u1ec9nh Ph\u00fa Th\u1ecd, Vi\u1ec7t Nam<\/p>\n<p><strong>Tel:<\/strong> +84 (0) 91 270 10 04<\/p>\n<p><strong>Website:<\/strong> nhacuabinpubin.com\/vi<\/p>\n<p><strong>Email:<\/strong> Nhacuabin8888@gmail.com<\/p>\n\t\t\n<style>\n#text-1059157227 {\n  text-align: center;\n}\n<\/style>\n\t<\/div>\n\t\n\t\t<\/div>\n\t\t\t\t\n<style>\n#col-1326229142 > .col-inner {\n  padding: 20px 20px 20px 20px;\n}\n<\/style>\n\t<\/div>\n\n\t\n\n\t<div id=\"col-1194962771\" class=\"col medium-7 small-12 large-7\"  >\n\t\t\t\t<div class=\"col-inner\"  >\n\t\t\t\n\t\t\t\n\n<div class=\"wpcf7 no-js\" id=\"wpcf7-f4-o1\" lang=\"vi\" dir=\"ltr\" data-wpcf7-id=\"4\">\n<div class=\"screen-reader-response\"><p role=\"status\" aria-live=\"polite\" aria-atomic=\"true\"><\/p> <ul><\/ul><\/div>\n<form action=\"\/vi\/wp-json\/wp\/v2\/pages\/52#wpcf7-f4-o1\" method=\"post\" class=\"wpcf7-form init\" aria-label=\"Form li\u00ean h\u1ec7\" novalidate=\"novalidate\" data-status=\"init\">\n<fieldset class=\"hidden-fields-container\"><input type=\"hidden\" name=\"_wpcf7\" value=\"4\" \/><input type=\"hidden\" name=\"_wpcf7_version\" value=\"6.1.4\" \/><input type=\"hidden\" name=\"_wpcf7_locale\" value=\"vi\" \/><input type=\"hidden\" name=\"_wpcf7_unit_tag\" value=\"wpcf7-f4-o1\" \/><input type=\"hidden\" name=\"_wpcf7_container_post\" value=\"0\" \/><input type=\"hidden\" name=\"_wpcf7_posted_data_hash\" value=\"\" \/>\n<\/fieldset>\n<p><span class=\"wpcf7-form-control-wrap\" data-name=\"text-316\"><input size=\"40\" maxlength=\"400\" class=\"wpcf7-form-control wpcf7-text\" aria-invalid=\"false\" placeholder=\"H\u1ecd v\u00e0 t\u00ean\" value=\"\" type=\"text\" name=\"text-316\" \/><\/span>\n<\/p>\n<p><span class=\"wpcf7-form-control-wrap\" data-name=\"email-534\"><input size=\"40\" maxlength=\"400\" class=\"wpcf7-form-control wpcf7-email wpcf7-text wpcf7-validates-as-email\" aria-invalid=\"false\" placeholder=\"Email\" value=\"\" type=\"email\" name=\"email-534\" \/><\/span>\n<\/p>\n<p><span class=\"wpcf7-form-control-wrap\" data-name=\"tel-426\"><input size=\"40\" maxlength=\"400\" class=\"wpcf7-form-control wpcf7-tel wpcf7-text wpcf7-validates-as-tel\" aria-invalid=\"false\" placeholder=\"S\u1ed1 \u0111i\u1ec7n tho\u1ea1i\" value=\"\" type=\"tel\" name=\"tel-426\" \/><\/span>\n<\/p>\n<p><span class=\"wpcf7-form-control-wrap\" data-name=\"textarea-476\"><textarea cols=\"40\" rows=\"10\" maxlength=\"2000\" class=\"wpcf7-form-control wpcf7-textarea\" aria-invalid=\"false\" placeholder=\"N\u1ed9i dung\" name=\"textarea-476\"><\/textarea><\/span>\n<\/p>\n<p><input class=\"wpcf7-form-control wpcf7-submit has-spinner\" type=\"submit\" value=\"G\u1eedi th\u00f4ng tin\" \/>\n<\/p><div class=\"wpcf7-response-output\" aria-hidden=\"true\"><\/div>\n<\/form>\n<\/div>\n\n\t\t<\/div>\n\t\t\t\t\n<style>\n#col-1194962771 > .col-inner {\n  padding: 20px 20px 20px 20px;\n}\n<\/style>\n\t<\/div>\n\n\t\n<\/div>\n\t\t<\/div>\n\n\t\t\n<style>\n#section_253886137 {\n  padding-top: 30px;\n  padding-bottom: 30px;\n}\n#section_253886137 .ux-shape-divider--top svg {\n  height: 150px;\n  --divider-top-width: 100%;\n}\n#section_253886137 .ux-shape-divider--bottom svg {\n  height: 150px;\n  --divider-width: 100%;\n}\n<\/style>\n\t<\/section>\n\t\n\t<section class=\"section\" id=\"section_1312444710\">\n\t\t<div class=\"bg section-bg fill bg-fill  bg-loaded\" >\n\n\t\t\t\n\t\t\t\n\t\t\t\n\n\t\t<\/div>\n\n\t\t\n\n\t\t<div class=\"section-content relative\">\n\t\t\t\n\t<div id=\"gap-1276017282\" class=\"gap-element clearfix\" style=\"display:block; height:auto;\">\n\t\t\n<style>\n#gap-1276017282 {\n  padding-top: 30px;\n}\n<\/style>\n\t<\/div>\n\t\n<div class=\"row\"  id=\"row-614378902\">\n\n\t<div id=\"col-1914936688\" class=\"col small-12 large-12\"  >\n\t\t\t\t<div class=\"col-inner\"  >\n\t\t\t\n\t\t\t\n\t<div id=\"text-2076535175\" class=\"text\">\n\t\t\n<h3 style=\"text-align: center;\"><span style=\"font-family: 'times new roman', times, serif;  \">\u0110\u00c9N V\u1edaI NH\u00c0 C\u1ee6A BIN<\/span><\/h3>\n\t\t\n<style>\n#text-2076535175 {\n  font-size: 0.9rem;\n  color: #b16102;\n}\n#text-2076535175 > * {\n  color: #b16102;\n}\n<\/style>\n\t<\/div>\n\t\n<h2 style=\"text-align: center;\"><span style=\"font-family: 'times new roman', times, serif; font-size: 140%; color: #b16102;\"> B\u1ea2N \u0110\u1ed2 CH\u1ec8 \u0110\u01af\u1edcNG<\/span><\/h2>\n\t\t<\/div>\n\t\t\t\t\t<\/div>\n\n\t\n<\/div>\n<div class=\"row\"  id=\"row-1652755599\">\n\n\t<div id=\"col-1757956148\" class=\"col small-12 large-12\"  >\n\t\t\t\t<div class=\"col-inner\"  >\n\t\t\t\n\t\t\t\n<p><iframe src=\"https:\/\/www.google.com\/maps\/embed?pb=!1m14!1m8!1m3!1d3734.219990571849!2d105.1028284!3d20.619888!3m2!1i1024!2i768!4f13.1!3m3!1m2!1s0x3134090d45d32073%3A0xd597f4a8e885503f!2zTmjDoCBD4bunYSBCaW4sIFDDuSBCaW4sIE1haSBDaMOidSwgUGjDuiBUaOG7jQ!5e0!3m2!1svi!2s!4v1766990388702!5m2!1svi!2s\" width=\"100%\" height=\"450\" style=\"border:0;\" allowfullscreen=\"\" loading=\"lazy\" referrerpolicy=\"no-referrer-when-downgrade\"><\/iframe><\/p>\n\t\t<\/div>\n\t\t\t\t\t<\/div>\n\n\t\n<\/div>\n<div class=\"row\"  id=\"row-656109991\">\n\n\t<div id=\"col-1228229564\" class=\"col small-12 large-12\"  >\n\t\t\t\t<div class=\"col-inner text-center\"  >\n\t\t\t\n\t\t\t\n\t<div id=\"text-1579014901\" class=\"text\">\n\t\t\n<p>Set on the riverbank of the Nam Khan river overlooking the UNESCO Heritage city of Luang Prabang Le Bel Air Resort is the premier 4-star resort in town.The resort features 66 rooms in 3 categories, has a majestic river view, a riverside restaurant as well as an in\ufb01nity style pool and bar. It is the perfect place to relax in peace while being close to all central attractions.<\/p>\n\t\t\n<style>\n#text-1579014901 {\n  text-align: center;\n  color: rgb(172, 172, 172);\n}\n#text-1579014901 > * {\n  color: rgb(172, 172, 172);\n}\n<\/style>\n\t<\/div>\n\t\n\t<div id=\"gap-1953824870\" class=\"gap-element clearfix\" style=\"display:block; height:auto;\">\n\t\t\n<style>\n#gap-1953824870 {\n  padding-top: 30px;\n}\n<\/style>\n\t<\/div>\n\t\n\t<div id=\"text-3250208920\" class=\"text\">\n\t\t\n<h4 style=\"text-align: center;\"><span style=\"font-family: 'times new roman', times, serif;  \"> T\u1eccA \u0110\u1ed8 GOOGLE MAP<\/span><\/h4>\n\t\t\n<style>\n#text-3250208920 {\n  font-size: 1rem;\n  color: #b16102;\n}\n#text-3250208920 > * {\n  color: #b16102;\n}\n<\/style>\n\t<\/div>\n\t\n\t<div id=\"text-214221691\" class=\"text\">\n\t\t\n<p>Latitude: 19.886949\u201dS | Longitude: 102.142618\u201dE<\/p>\n\t\t\n<style>\n#text-214221691 {\n  text-align: center;\n  color: rgb(172, 172, 172);\n}\n#text-214221691 > * {\n  color: rgb(172, 172, 172);\n}\n<\/style>\n\t<\/div>\n\t\n\t<div id=\"gap-2041723556\" class=\"gap-element clearfix\" style=\"display:block; height:auto;\">\n\t\t\n<style>\n#gap-2041723556 {\n  padding-top: 20px;\n}\n<\/style>\n\t<\/div>\n\t\n<a class=\"button primary\"  >\n    <span>NH\u1eacN H\u01af\u1edaNG D\u1eaaN<\/span>\n  <\/a>\n\n\t\t<\/div>\n\t\t\t\t\t<\/div>\n\n\t\n<\/div>\n\t\t<\/div>\n\n\t\t\n<style>\n#section_1312444710 {\n  padding-top: 30px;\n  padding-bottom: 30px;\n  background-color: rgb(245, 245, 245);\n}\n#section_1312444710 .ux-shape-divider--top svg {\n  height: 150px;\n  --divider-top-width: 100%;\n}\n#section_1312444710 .ux-shape-divider--bottom svg {\n  height: 150px;\n  --divider-width: 100%;\n}\n<\/style>\n\t<\/section>\n\t\n","protected":false},"excerpt":{"rendered":"","protected":false},"author":1,"featured_media":0,"parent":0,"menu_order":0,"comment_status":"closed","ping_status":"closed","template":"page-blank.php","meta":{"footnotes":""},"class_list":["post-52","page","type-page","status-publish","hentry"],"yoast_head":"<!-- This site is optimized with the Yoast SEO plugin v26.4 - https:\/\/yoast.com\/wordpress\/plugins\/seo\/ -->\n<title>Li\u00ean h\u1ec7 - NH\u00c0 C\u1ee6A BIN<\/title>\n<meta name=\"robots\" content=\"index, follow, max-snippet:-1, max-image-preview:large, max-video-preview:-1\" \/>\n<link rel=\"canonical\" href=\"https:\/\/nhacuabinpubin.com\/vi\/lien-he\/\" \/>\n<meta property=\"og:locale\" content=\"vi_VN\" \/>\n<meta property=\"og:type\" content=\"article\" \/>\n<meta property=\"og:title\" content=\"Li\u00ean h\u1ec7 - NH\u00c0 C\u1ee6A BIN\" \/>\n<meta property=\"og:url\" content=\"https:\/\/nhacuabinpubin.com\/vi\/lien-he\/\" \/>\n<meta property=\"og:site_name\" content=\"NH\u00c0 C\u1ee6A BIN\" \/>\n<meta property=\"article:modified_time\" content=\"2025-12-29T06:43:04+00:00\" \/>\n<meta name=\"twitter:card\" content=\"summary_large_image\" \/>\n<script type=\"application\/ld+json\" class=\"yoast-schema-graph\">{\"@context\":\"https:\/\/schema.org\",\"@graph\":[{\"@type\":\"WebPage\",\"@id\":\"https:\/\/nhacuabinpubin.com\/vi\/lien-he\/\",\"url\":\"https:\/\/nhacuabinpubin.com\/vi\/lien-he\/\",\"name\":\"Li\u00ean h\u1ec7 - NH\u00c0 C\u1ee6A BIN\",\"isPartOf\":{\"@id\":\"https:\/\/nhacuabinpubin.com\/vi\/#website\"},\"datePublished\":\"2022-09-30T09:12:38+00:00\",\"dateModified\":\"2025-12-29T06:43:04+00:00\",\"breadcrumb\":{\"@id\":\"https:\/\/nhacuabinpubin.com\/vi\/lien-he\/#breadcrumb\"},\"inLanguage\":\"vi\",\"potentialAction\":[{\"@type\":\"ReadAction\",\"target\":[\"https:\/\/nhacuabinpubin.com\/vi\/lien-he\/\"]}]},{\"@type\":\"BreadcrumbList\",\"@id\":\"https:\/\/nhacuabinpubin.com\/vi\/lien-he\/#breadcrumb\",\"itemListElement\":[{\"@type\":\"ListItem\",\"position\":1,\"name\":\"Trang ch\u1ee7\",\"item\":\"https:\/\/nhacuabinpubin.com\/vi\/\"},{\"@type\":\"ListItem\",\"position\":2,\"name\":\"Li\u00ean h\u1ec7\"}]},{\"@type\":\"WebSite\",\"@id\":\"https:\/\/nhacuabinpubin.com\/vi\/#website\",\"url\":\"https:\/\/nhacuabinpubin.com\/vi\/\",\"name\":\"NH\u00c0 C\u1ee6A BIN\",\"description\":\"\",\"potentialAction\":[{\"@type\":\"SearchAction\",\"target\":{\"@type\":\"EntryPoint\",\"urlTemplate\":\"https:\/\/nhacuabinpubin.com\/vi\/?s={search_term_string}\"},\"query-input\":{\"@type\":\"PropertyValueSpecification\",\"valueRequired\":true,\"valueName\":\"search_term_string\"}}],\"inLanguage\":\"vi\"}]}<\/script>\n<!-- \/ Yoast SEO plugin. -->","yoast_head_json":{"title":"Li\u00ean h\u1ec7 - NH\u00c0 C\u1ee6A BIN","robots":{"index":"index","follow":"follow","max-snippet":"max-snippet:-1","max-image-preview":"max-image-preview:large","max-video-preview":"max-video-preview:-1"},"canonical":"https:\/\/nhacuabinpubin.com\/vi\/lien-he\/","og_locale":"vi_VN","og_type":"article","og_title":"Li\u00ean h\u1ec7 - NH\u00c0 C\u1ee6A BIN","og_url":"https:\/\/nhacuabinpubin.com\/vi\/lien-he\/","og_site_name":"NH\u00c0 C\u1ee6A BIN","article_modified_time":"2025-12-29T06:43:04+00:00","twitter_card":"summary_large_image","schema":{"@context":"https:\/\/schema.org","@graph":[{"@type":"WebPage","@id":"https:\/\/nhacuabinpubin.com\/vi\/lien-he\/","url":"https:\/\/nhacuabinpubin.com\/vi\/lien-he\/","name":"Li\u00ean h\u1ec7 - NH\u00c0 C\u1ee6A BIN","isPartOf":{"@id":"https:\/\/nhacuabinpubin.com\/vi\/#website"},"datePublished":"2022-09-30T09:12:38+00:00","dateModified":"2025-12-29T06:43:04+00:00","breadcrumb":{"@id":"https:\/\/nhacuabinpubin.com\/vi\/lien-he\/#breadcrumb"},"inLanguage":"vi","potentialAction":[{"@type":"ReadAction","target":["https:\/\/nhacuabinpubin.com\/vi\/lien-he\/"]}]},{"@type":"BreadcrumbList","@id":"https:\/\/nhacuabinpubin.com\/vi\/lien-he\/#breadcrumb","itemListElement":[{"@type":"ListItem","position":1,"name":"Trang ch\u1ee7","item":"https:\/\/nhacuabinpubin.com\/vi\/"},{"@type":"ListItem","position":2,"name":"Li\u00ean h\u1ec7"}]},{"@type":"WebSite","@id":"https:\/\/nhacuabinpubin.com\/vi\/#website","url":"https:\/\/nhacuabinpubin.com\/vi\/","name":"NH\u00c0 C\u1ee6A BIN","description":"","potentialAction":[{"@type":"SearchAction","target":{"@type":"EntryPoint","urlTemplate":"https:\/\/nhacuabinpubin.com\/vi\/?s={search_term_string}"},"query-input":{"@type":"PropertyValueSpecification","valueRequired":true,"valueName":"search_term_string"}}],"inLanguage":"vi"}]}},"_links":{"self":[{"href":"https:\/\/nhacuabinpubin.com\/vi\/wp-json\/wp\/v2\/pages\/52","targetHints":{"allow":["GET"]}}],"collection":[{"href":"https:\/\/nhacuabinpubin.com\/vi\/wp-json\/wp\/v2\/pages"}],"about":[{"href":"https:\/\/nhacuabinpubin.com\/vi\/wp-json\/wp\/v2\/types\/page"}],"author":[{"embeddable":true,"href":"https:\/\/nhacuabinpubin.com\/vi\/wp-json\/wp\/v2\/users\/1"}],"replies":[{"embeddable":true,"href":"https:\/\/nhacuabinpubin.com\/vi\/wp-json\/wp\/v2\/comments?post=52"}],"version-history":[{"count":17,"href":"https:\/\/nhacuabinpubin.com\/vi\/wp-json\/wp\/v2\/pages\/52\/revisions"}],"predecessor-version":[{"id":586,"href":"https:\/\/nhacuabinpubin.com\/vi\/wp-json\/wp\/v2\/pages\/52\/revisions\/586"}],"wp:attachment":[{"href":"https:\/\/nhacuabinpubin.com\/vi\/wp-json\/wp\/v2\/media?parent=52"}],"curies":[{"name":"wp","href":"https:\/\/api.w.org\/{rel}","templated":true}]}}